{"id":337115,"date":"2011-06-02T11:15:12","date_gmt":"2011-06-02T09:15:12","guid":{"rendered":"https:\/\/socialnewsdaily.com\/mentions-legales-et-politique-de-confidentialite\/"},"modified":"2023-10-14T18:51:43","modified_gmt":"2023-10-14T16:51:43","slug":"mentions-legales-et-politique-de-confidentialite","status":"publish","type":"page","link":"https:\/\/socialnewsdaily.com\/fr\/mentions-legales-et-politique-de-confidentialite\/","title":{"rendered":"Mentions L\u00e9gales et politique de confidentialit\u00e9"},"content":{"rendered":"<h2>R\u00e9dacteur du site<\/h2>\n<p>ADZO MEDIA (STARTUP INFO SAS)<\/p>\n<p>9 all\u00e9e des pins<br \/>\n78510 Triel sur Seine<\/p>\n<p>France<\/p>\n<p>+33 (0)6 84 40 44 21<\/p>\n<p>Directeur de publication : Kossi Adzo,<\/p>\n<p>Co-r\u00e9alisateur : Kokou Adzo<\/p>\n<hr>\n<h2>H\u00e9bergement<\/h2>\n<p>KINSTA<\/p>\n<p>8605 Santa Monica Blvd, Ste 92581, West Hollywood, California, 90069<\/p>\n<p>&nbsp;<\/p>\n<p><strong>Modalit\u00e9s et conditions<\/strong><\/p>\n<p>Les pr\u00e9sentes conditions g\u00e9n\u00e9rales (\u00ab\u00a0Accord\u00a0\u00bb) d\u00e9finissent les conditions g\u00e9n\u00e9rales de votre utilisation de ce site web (\u00ab\u00a0Site web\u00a0\u00bb ou \u00ab\u00a0Service\u00a0\u00bb) et de tous ses produits et services connexes (collectivement, \u00ab\u00a0Services\u00a0\u00bb). Le pr\u00e9sent accord est juridiquement contraignant entre vous (\u00ab\u00a0Utilisateur\u00a0\u00bb, \u00ab\u00a0vous\u00a0\u00bb ou \u00ab\u00a0votre\u00a0\u00bb) et l&rsquo;exploitant de ce site web (\u00ab\u00a0Op\u00e9rateur\u00a0\u00bb, \u00ab\u00a0nous\u00a0\u00bb, \u00ab\u00a0notre\u00a0\u00bb ou \u00ab\u00a0nos\u00a0\u00bb). Si vous concluez le pr\u00e9sent accord au nom d&rsquo;une entreprise ou d&rsquo;une autre entit\u00e9 juridique, vous d\u00e9clarez avoir le pouvoir de lier cette entit\u00e9 au pr\u00e9sent accord, auquel cas les termes \u00ab\u00a0utilisateur\u00a0\u00bb, \u00ab\u00a0vous\u00a0\u00bb ou \u00ab\u00a0votre\u00a0\u00bb feront r\u00e9f\u00e9rence \u00e0 cette entit\u00e9. Si vous ne disposez pas d&rsquo;un tel pouvoir, ou si vous n&rsquo;\u00eates pas d&rsquo;accord avec les termes de cet accord, vous ne devez pas accepter cet accord et ne pouvez pas acc\u00e9der et utiliser le site web et les services. En acc\u00e9dant au site Web et aux services et en les utilisant, vous reconnaissez avoir lu, compris et accept\u00e9 d&rsquo;\u00eatre li\u00e9 par les conditions du pr\u00e9sent accord. Vous reconnaissez que le pr\u00e9sent accord constitue un contrat entre vous et l&rsquo;op\u00e9rateur, m\u00eame s&rsquo;il est \u00e9lectronique et n&rsquo;est pas sign\u00e9 physiquement par vous, et qu&rsquo;il r\u00e9git votre utilisation du site web et des services. Cette politique de termes et conditions a \u00e9t\u00e9 cr\u00e9\u00e9e avec l&rsquo;aide du g\u00e9n\u00e9rateur de termes et conditions sur https:\/\/www.websitepolicies.com\/terms-and-conditions-generator.<\/p>\n<p>Contenu de l&rsquo;utilisateur<\/p>\n<p>Nous ne sommes pas propri\u00e9taires des donn\u00e9es, des informations ou du mat\u00e9riel (collectivement, le \u00a0\u00bb contenu \u00ab\u00a0) que vous soumettez sur le site Web dans le cadre de l&rsquo;utilisation du service. Vous \u00eates seul responsable de l&rsquo;exactitude, de la qualit\u00e9, de l&rsquo;int\u00e9grit\u00e9, de la l\u00e9galit\u00e9, de la fiabilit\u00e9, du caract\u00e8re appropri\u00e9 et de la propri\u00e9t\u00e9 intellectuelle ou du droit d&rsquo;utilisation de tout le contenu soumis. Nous pouvons surveiller et examiner le contenu du site Web que vous avez soumis ou cr\u00e9\u00e9 en utilisant nos services. Vous nous donnez l&rsquo;autorisation d&rsquo;acc\u00e9der, de copier, de distribuer, de stocker, de transmettre, de reformater, d&rsquo;afficher et d&rsquo;ex\u00e9cuter le contenu de votre compte d&rsquo;utilisateur uniquement dans le but de vous fournir les services. Sans limiter ces d\u00e9clarations ou garanties, nous avons le droit, mais non l&rsquo;obligation, de refuser ou de supprimer, \u00e0 notre seule discr\u00e9tion, tout contenu qui, selon notre avis raisonnable, viole l&rsquo;une de nos politiques ou est de quelque mani\u00e8re que ce soit nuisible ou r\u00e9pr\u00e9hensible. Vous nous accordez \u00e9galement la licence d&rsquo;utiliser, de reproduire, d&rsquo;adapter, de modifier, de publier ou de distribuer le contenu cr\u00e9\u00e9 par vous ou stock\u00e9 dans votre compte d&rsquo;utilisateur \u00e0 des fins commerciales, de marketing ou \u00e0 toute autre fin similaire.<\/p>\n<p>Sauvegardes<\/p>\n<p>Nous effectuons des sauvegardes r\u00e9guli\u00e8res du site web et de son contenu et nous ferons de notre mieux pour garantir l&rsquo;exhaustivit\u00e9 et l&rsquo;exactitude de ces sauvegardes. En cas de panne mat\u00e9rielle ou de perte de donn\u00e9es, nous restaurerons automatiquement les sauvegardes afin de minimiser l&rsquo;impact et le temps d&rsquo;arr\u00eat.<\/p>\n<p>Liens vers d&rsquo;autres ressources<\/p>\n<p>Bien que le site Web et les services puissent \u00eatre li\u00e9s \u00e0 d&rsquo;autres ressources (telles que des sites Web, des applications mobiles, etc.), nous n&rsquo;impliquons pas, directement ou indirectement, une approbation, une association, un parrainage, une approbation ou une affiliation avec toute ressource li\u00e9e, sauf indication sp\u00e9cifique dans les pr\u00e9sentes. Certains des liens figurant sur le site Web peuvent \u00eatre des \u00ab\u00a0liens affili\u00e9s\u00a0\u00bb. Cela signifie que si vous cliquez sur le lien et achetez un article, l&rsquo;op\u00e9rateur recevra une commission d&rsquo;affiliation. Nous ne sommes pas responsables de l&rsquo;examen ou de l&rsquo;\u00e9valuation, et nous ne garantissons pas les offres de toute entreprise ou de tout individu, ni le contenu de leurs ressources. Nous n&rsquo;assumons aucune responsabilit\u00e9 pour les actions, les produits, les services et le contenu de tout autre tiers. Vous devez examiner attentivement les d\u00e9clarations juridiques et autres conditions d&rsquo;utilisation de toute ressource \u00e0 laquelle vous acc\u00e9dez par un lien sur le site web. L&rsquo;\u00e9tablissement de liens vers d&rsquo;autres ressources hors site se fait \u00e0 vos propres risques.<\/p>\n<p>Changements et modifications<\/p>\n<p>Nous nous r\u00e9servons le droit de modifier le pr\u00e9sent accord ou ses conditions relatives au site Web et aux services \u00e0 tout moment et \u00e0 notre discr\u00e9tion. Lorsque nous le ferons, nous r\u00e9viserons la date de mise \u00e0 jour au bas de cette page. Nous pouvons \u00e9galement vous informer par d&rsquo;autres moyens, \u00e0 notre discr\u00e9tion, notamment par le biais des informations de contact que vous avez fournies.<\/p>\n<p>Une version actualis\u00e9e du pr\u00e9sent accord entrera en vigueur imm\u00e9diatement apr\u00e8s la publication de l&rsquo;accord r\u00e9vis\u00e9, sauf indication contraire. Votre utilisation continue du site Web et des services apr\u00e8s la date d&rsquo;entr\u00e9e en vigueur de l&rsquo;accord r\u00e9vis\u00e9 (ou tout autre acte sp\u00e9cifi\u00e9 \u00e0 ce moment-l\u00e0) constituera votre consentement \u00e0 ces modifications.<\/p>\n<p>Acceptation des pr\u00e9sentes conditions<\/p>\n<p>Vous reconnaissez avoir lu le pr\u00e9sent accord et en accepter tous les termes et conditions. En acc\u00e9dant au site Web et aux services et en les utilisant, vous acceptez d&rsquo;\u00eatre li\u00e9 par le pr\u00e9sent accord. Si vous n&rsquo;acceptez pas de vous conformer aux conditions du pr\u00e9sent accord, vous n&rsquo;\u00eates pas autoris\u00e9 \u00e0 acc\u00e9der au site Web et aux services ni \u00e0 les utiliser.<\/p>\n<p>Nous contacter<\/p>\n<p>Si vous avez des questions, des pr\u00e9occupations ou des plaintes concernant le pr\u00e9sent accord, nous vous encourageons \u00e0 nous contacter en utilisant les coordonn\u00e9es ci-dessous :<\/p>\n<p>hello@adzomedia.com<\/p>\n<p>Ce document a \u00e9t\u00e9 mis \u00e0 jour le 09 oct 2023.<\/p>\n","protected":false},"excerpt":{"rendered":"<p>R\u00e9dacteur du site ADZO MEDIA (STARTUP INFO SAS) 9 all\u00e9e des pins 78510 Triel sur Seine France +33 (0)6 84 40 44 21 Directeur de publication : Kossi Adzo, Co-r\u00e9alisateur : Kokou Adzo H\u00e9bergement KINSTA 8605 Santa Monica Blvd, Ste 92581, West Hollywood, California, 90069 &nbsp; Modalit\u00e9s et conditions Les pr\u00e9sentes conditions g\u00e9n\u00e9rales (\u00ab\u00a0Accord\u00a0\u00bb) d\u00e9finissent&#8230;<\/p>\n","protected":false},"author":21,"featured_media":0,"parent":0,"menu_order":0,"comment_status":"open","ping_status":"closed","template":"","meta":{"footnotes":""},"class_list":["post-337115","page","type-page","status-publish","hentry"],"_links":{"self":[{"href":"https:\/\/socialnewsdaily.com\/fr\/wp-json\/wp\/v2\/pages\/337115","targetHints":{"allow":["GET"]}}],"collection":[{"href":"https:\/\/socialnewsdaily.com\/fr\/wp-json\/wp\/v2\/pages"}],"about":[{"href":"https:\/\/socialnewsdaily.com\/fr\/wp-json\/wp\/v2\/types\/page"}],"author":[{"embeddable":true,"href":"https:\/\/socialnewsdaily.com\/fr\/wp-json\/wp\/v2\/users\/21"}],"replies":[{"embeddable":true,"href":"https:\/\/socialnewsdaily.com\/fr\/wp-json\/wp\/v2\/comments?post=337115"}],"version-history":[{"count":2,"href":"https:\/\/socialnewsdaily.com\/fr\/wp-json\/wp\/v2\/pages\/337115\/revisions"}],"predecessor-version":[{"id":349511,"href":"https:\/\/socialnewsdaily.com\/fr\/wp-json\/wp\/v2\/pages\/337115\/revisions\/349511"}],"wp:attachment":[{"href":"https:\/\/socialnewsdaily.com\/fr\/wp-json\/wp\/v2\/media?parent=337115"}],"curies":[{"name":"wp","href":"https:\/\/api.w.org\/{rel}","templated":true}]}}